{"id":239,"date":"2022-10-30T18:00:03","date_gmt":"2022-10-30T17:00:03","guid":{"rendered":"https:\/\/brainzone.agence-mip.fr\/?page_id=239"},"modified":"2025-01-23T19:44:43","modified_gmt":"2025-01-23T18:44:43","slug":"seminaires-colloques-conferences","status":"publish","type":"page","link":"https:\/\/www.brain-zone.fr\/index.php\/seminaires-colloques-conferences\/","title":{"rendered":"Domaines d&rsquo;interventions"},"content":{"rendered":"\t\t<div data-elementor-type=\"wp-page\" data-elementor-id=\"239\" class=\"elementor elementor-239\">\r\n\t\t\t\t\t\t\t\t\t<section class=\"elementor-section elementor-top-section elementor-element elementor-element-736f3db elementor-section-stretched elementor-section-boxed elementor-section-height-default elementor-section-height-default\" data-id=\"736f3db\" data-element_type=\"section\" data-settings=\"{&quot;stretch_section&quot;:&quot;section-stretched&quot;,&quot;background_background&quot;:&quot;classic&quot;}\">\r\n\t\t\t\t\t\t<div class=\"elementor-container elementor-column-gap-default\">\r\n\t\t\t\t\t<div class=\"elementor-column elementor-col-100 elementor-top-column elementor-element elementor-element-c5ef75f\" data-id=\"c5ef75f\" data-element_type=\"column\">\r\n\t\t\t<div class=\"elementor-widget-wrap elementor-element-populated\">\r\n\t\t\t\t\t\t\t\t<section class=\"elementor-section elementor-inner-section elementor-element elementor-element-2ac7693 elementor-section-boxed elementor-section-height-default elementor-section-height-default\" data-id=\"2ac7693\" data-element_type=\"section\">\r\n\t\t\t\t\t\t<div class=\"elementor-container elementor-column-gap-default\">\r\n\t\t\t\t\t<div class=\"elementor-column elementor-col-50 elementor-inner-column elementor-element elementor-element-15d4bdf\" data-id=\"15d4bdf\" data-element_type=\"column\">\r\n\t\t\t<div class=\"elementor-widget-wrap elementor-element-populated\">\r\n\t\t\t\t\t\t\t\t<div class=\"elementor-element elementor-element-2a89602 elementor-widget elementor-widget-text-editor\" data-id=\"2a89602\" data-element_type=\"widget\" data-widget_type=\"text-editor.default\">\r\n\t\t\t\t<div class=\"elementor-widget-container\">\r\n\t\t\t<style>\/*! elementor - v3.9.2 - 21-12-2022 *\/\n.elementor-widget-text-editor.elementor-drop-cap-view-stacked .elementor-drop-cap{background-color:#818a91;color:#fff}.elementor-widget-text-editor.elementor-drop-cap-view-framed .elementor-drop-cap{color:#818a91;border:3px solid;background-color:transparent}.elementor-widget-text-editor:not(.elementor-drop-cap-view-default) .elementor-drop-cap{margin-top:8px}.elementor-widget-text-editor:not(.elementor-drop-cap-view-default) .elementor-drop-cap-letter{width:1em;height:1em}.elementor-widget-text-editor .elementor-drop-cap{float:left;text-align:center;line-height:1;font-size:50px}.elementor-widget-text-editor .elementor-drop-cap-letter{display:inline-block}<\/style>\t\t\t\t<h2 style=\"text-align: center;\"><strong>Formations, colloques<\/strong><\/h2><p>J&rsquo;interviens au sein de votre club, f\u00e9d\u00e9ration, comit\u00e9, et toutes autres structures sportives, pour former vos sportifs, dirigeants, entra\u00eeneurs&#8230;aux sujets clefs de l&rsquo;optimisation de la performance (pr\u00e9paration mentale, nutrition, pr\u00e9vention des blessures, physiologie f\u00e9minine&#8230;). Ces formations sont aussi propos\u00e9es au sein de l&rsquo;organisme\u00a0 <a href=\"#\">EACPA FORMATIONS<\/a>.<\/p><p>Je propose \u00e9galement des formations, et sessions d&rsquo;une journ\u00e9e, pour un public professionnel (managers, responsables RH, \u00e9quipes commerciales&#8230;)\u00a0 dont les objectifs sont de monter en efficacit\u00e9 tant individuelle que collective.<\/p><p>\u00a0<\/p><p>\u00a0<\/p>\t\t\t\t\t\t<\/div>\r\n\t\t\t\t<\/div>\r\n\t\t\t\t<div class=\"elementor-element elementor-element-b6300d1 elementor-align-center elementor-widget elementor-widget-button\" data-id=\"b6300d1\" data-element_type=\"widget\" data-widget_type=\"button.default\">\r\n\t\t\t\t<div class=\"elementor-widget-container\">\r\n\t\t\t\t\t<div class=\"elementor-button-wrapper\">\r\n\t\t\t<a href=\"\/index.php\/contact\/\" class=\"elementor-button-link elementor-button elementor-size-sm\" role=\"button\">\r\n\t\t\t\t\t\t<span class=\"elementor-button-content-wrapper\">\r\n\t\t\t\t\t\t<span class=\"elementor-button-text\">Contact<\/span>\r\n\t\t<\/span>\r\n\t\t\t\t\t<\/a>\r\n\t\t<\/div>\r\n\t\t\t\t<\/div>\r\n\t\t\t\t<\/div>\r\n\t\t\t\t\t<\/div>\r\n\t\t<\/div>\r\n\t\t\t\t<div class=\"elementor-column elementor-col-50 elementor-inner-column elementor-element elementor-element-f6c394d\" data-id=\"f6c394d\" data-element_type=\"column\">\r\n\t\t\t<div class=\"elementor-widget-wrap elementor-element-populated\">\r\n\t\t\t\t\t\t\t\t<div class=\"elementor-element elementor-element-feee137 elementor-widget elementor-widget-image\" data-id=\"feee137\" data-element_type=\"widget\" data-widget_type=\"image.default\">\r\n\t\t\t\t<div class=\"elementor-widget-container\">\r\n\t\t\t<style>\/*! elementor - v3.9.2 - 21-12-2022 *\/\n.elementor-widget-image{text-align:center}.elementor-widget-image a{display:inline-block}.elementor-widget-image a img[src$=\".svg\"]{width:48px}.elementor-widget-image img{vertical-align:middle;display:inline-block}<\/style>\t\t\t\t\t\t\t\t\t\t\t\t<img loading=\"lazy\" decoding=\"async\" width=\"600\" height=\"700\" src=\"https:\/\/www.brain-zone.fr\/wp-content\/uploads\/2022\/11\/coach-dequipe-formation-management.jpg\" class=\"attachment-large size-large wp-image-777\" alt=\"\" srcset=\"https:\/\/www.brain-zone.fr\/wp-content\/uploads\/2022\/11\/coach-dequipe-formation-management.jpg 600w, https:\/\/www.brain-zone.fr\/wp-content\/uploads\/2022\/11\/coach-dequipe-formation-management-257x300.jpg 257w\" sizes=\"auto, (max-width: 600px) 100vw, 600px\" \/>\t\t\t\t\t\t\t\t\t\t\t\t\t\t\t<\/div>\r\n\t\t\t\t<\/div>\r\n\t\t\t\t\t<\/div>\r\n\t\t<\/div>\r\n\t\t\t\t\t\t\t<\/div>\r\n\t\t<\/section>\r\n\t\t\t\t\t<\/div>\r\n\t\t<\/div>\r\n\t\t\t\t\t\t\t<\/div>\r\n\t\t<\/section>\r\n\t\t\t\t<section class=\"elementor-section elementor-top-section elementor-element elementor-element-a9a1d1b elementor-section-stretched elementor-section-boxed elementor-section-height-default elementor-section-height-default\" data-id=\"a9a1d1b\" data-element_type=\"section\" data-settings=\"{&quot;stretch_section&quot;:&quot;section-stretched&quot;}\">\r\n\t\t\t\t\t\t<div class=\"elementor-container elementor-column-gap-default\">\r\n\t\t\t\t\t<div class=\"elementor-column elementor-col-100 elementor-top-column elementor-element elementor-element-599c781\" data-id=\"599c781\" data-element_type=\"column\">\r\n\t\t\t<div class=\"elementor-widget-wrap elementor-element-populated\">\r\n\t\t\t\t\t\t\t\t<div class=\"elementor-element elementor-element-5d95935 elementor-widget elementor-widget-image\" data-id=\"5d95935\" data-element_type=\"widget\" data-widget_type=\"image.default\">\r\n\t\t\t\t<div class=\"elementor-widget-container\">\r\n\t\t\t\t\t\t\t\t\t\t\t\t\t\t\t<img loading=\"lazy\" decoding=\"async\" width=\"1024\" height=\"434\" src=\"https:\/\/www.brain-zone.fr\/wp-content\/uploads\/2022\/11\/formation-coaching-leader-1024x434.jpg\" class=\"attachment-large size-large wp-image-757\" alt=\"\" srcset=\"https:\/\/www.brain-zone.fr\/wp-content\/uploads\/2022\/11\/formation-coaching-leader-1024x434.jpg 1024w, https:\/\/www.brain-zone.fr\/wp-content\/uploads\/2022\/11\/formation-coaching-leader-300x127.jpg 300w, https:\/\/www.brain-zone.fr\/wp-content\/uploads\/2022\/11\/formation-coaching-leader-768x326.jpg 768w, https:\/\/www.brain-zone.fr\/wp-content\/uploads\/2022\/11\/formation-coaching-leader-1536x652.jpg 1536w, https:\/\/www.brain-zone.fr\/wp-content\/uploads\/2022\/11\/formation-coaching-leader-2048x869.jpg 2048w\" sizes=\"auto, (max-width: 1024px) 100vw, 1024px\" \/>\t\t\t\t\t\t\t\t\t\t\t\t\t\t\t<\/div>\r\n\t\t\t\t<\/div>\r\n\t\t\t\t\t<\/div>\r\n\t\t<\/div>\r\n\t\t\t\t\t\t\t<\/div>\r\n\t\t<\/section>\r\n\t\t\t\t<section class=\"elementor-section elementor-top-section elementor-element elementor-element-76ff2474 elementor-section-content-middle elementor-reverse-mobile elementor-section-boxed elementor-section-height-default elementor-section-height-default\" data-id=\"76ff2474\" data-element_type=\"section\">\r\n\t\t\t\t\t\t<div class=\"elementor-container elementor-column-gap-no\">\r\n\t\t\t\t\t<div class=\"elementor-column elementor-col-50 elementor-top-column elementor-element elementor-element-57d2e1be\" data-id=\"57d2e1be\" data-element_type=\"column\">\r\n\t\t\t<div class=\"elementor-widget-wrap elementor-element-populated\">\r\n\t\t\t\t\t\t\t\t<div class=\"elementor-element elementor-element-2783828f elementor-widget elementor-widget-heading\" data-id=\"2783828f\" data-element_type=\"widget\" data-widget_type=\"heading.default\">\r\n\t\t\t\t<div class=\"elementor-widget-container\">\r\n\t\t\t<style>\/*! elementor - v3.9.2 - 21-12-2022 *\/\n.elementor-heading-title{padding:0;margin:0;line-height:1}.elementor-widget-heading .elementor-heading-title[class*=elementor-size-]>a{color:inherit;font-size:inherit;line-height:inherit}.elementor-widget-heading .elementor-heading-title.elementor-size-small{font-size:15px}.elementor-widget-heading .elementor-heading-title.elementor-size-medium{font-size:19px}.elementor-widget-heading .elementor-heading-title.elementor-size-large{font-size:29px}.elementor-widget-heading .elementor-heading-title.elementor-size-xl{font-size:39px}.elementor-widget-heading .elementor-heading-title.elementor-size-xxl{font-size:59px}<\/style><h4 class=\"elementor-heading-title elementor-size-default\">S\u00e9minaire &amp; Colloques<\/h4>\t\t<\/div>\r\n\t\t\t\t<\/div>\r\n\t\t\t\t<div class=\"elementor-element elementor-element-21dd6ed5 elementor-widget elementor-widget-text-editor\" data-id=\"21dd6ed5\" data-element_type=\"widget\" data-widget_type=\"text-editor.default\">\r\n\t\t\t\t<div class=\"elementor-widget-container\">\r\n\t\t\t\t\t\t\t<p>Me contacter pour vous proposer une formation sp\u00e9cifique \u00e0 vos besoins. Je me d\u00e9place dans la France enti\u00e8re.<\/p><p><span style=\"text-decoration: underline;\"><strong><em>Exemples de th\u00e9matiques (intervention sur 1 journ\u00e9e au sein de votre structure) :<\/em><\/strong><\/span><\/p><div><b>F1 : Ma\u00eetriser sa communication pour mieux motiver et cr\u00e9er la coh\u00e9sion d&rsquo;\u00e9quipe (Initiation au mod\u00e8le des Profils 3EES)<\/b><\/div><div><b><u>Objectifs :<\/u><\/b><\/div><div>&#8211; Comment identifier ton \u00e9tat d\u2019esprit spontan\u00e9 et celui de chacun de tes athl\u00e8tes.\u00a0<\/div><div>&#8211; Comment communiquer en fonction de ton \u00e9tat d\u2019esprit spontan\u00e9 et de celui de tes athl\u00e8tes.\u00a0<\/div><div>&#8211; Mettre en place des strat\u00e9gies pour motiver selon l\u2019\u00e9tat d\u2019esprit de tes athl\u00e8tes\u00a0\u00a0<\/div><div>\u00a0<\/div><div><b>F2: B\u00e2tir la confiance, se lib\u00e9rer des croyances limitantes et de la peur du regard des autres<\/b><\/div><div><b><u>Objectifs :<\/u><\/b><\/div><div>&#8211; Ma\u00eetriser des techniques pour transformer le discours interne et b\u00e2tir la confiance des athl\u00e8tes.\u00a0<\/div><div>&#8211; Identifier les effets de la pleine conscience sur le cerveau et la performance.\u00a0<\/div><div>&#8211; Animer des activit\u00e9s de coaching en pr\u00e9paration mentale sur le th\u00e8me de la confiance en soi\u00a0\u00a0<\/div><div>\u00a0&#8211; Acqu\u00e9rir des strat\u00e9gies pour identifier les croyances limitantes et mettre en place un processus pour les modifier les croyances limitantes.\u00a0<\/div><div><b>\u00a0<\/b><\/div><div><b>F3 : D\u00e9velopper la r\u00e9silience et la combativit\u00e9<\/b><\/div><div><b><u>Objectifs :<\/u><\/b><b><br \/><\/b><\/div><div>\u00a0&#8211; Ma\u00eetriser des outils pour aider tes athl\u00e8tes \u00e0 devenir plus r\u00e9silients dans les moments de grande pression.\u00a0<\/div><div>&#8211; Acqu\u00e9rir des strat\u00e9gies pour r\u00e9duire le perfectionnisme et d\u00e9velopper l&rsquo;optimalisme<\/div><div>\u00a0\u00a0<\/div><div><b>F4 :\u00a0R\u00e9guler les \u00e9motions intenses, r\u00e9duire le stress et l&rsquo;anxi\u00e9t\u00e9 de performance\u00a0<\/b><\/div><div><b><u>Objectifs :<\/u><\/b><b><br \/><\/b><\/div><div>&#8211; Acqu\u00e9rir des outils et strat\u00e9gies de gestion du stress\u00a0<\/div><div>&#8211; Initiation \u00e0 la coh\u00e9rance cardiaque et \u00e0 la sophrologie pour \u00e9quilibrer son syst\u00e8me nerveux autonome<\/div><div>&#8211; D\u00e9velopper des strat\u00e9gies de coaching pour aider un athl\u00e8te \u00e0 se lib\u00e9rer de la pression.\u00a0<\/div><div>&#8211;\u00a0 Identifier les diff\u00e9rents processus d\u2019apprentissage et le r\u00f4le de la visualisation dans la performance.\u00a0<\/div><div>&#8211; Comprendre et guider les athl\u00e8tes dans la r\u00e9gulation d\u2019\u00e9motions intenses.\u00a0<\/div><div>&#8211; D\u00e9couvrir des techniques de sophrologie pour pr\u00e9parer un individu ou un \u00e9quipe \u00e0 une comp\u00e9tition<\/div><div>\u00a0\u00a0<\/div><div><b>F5 :\u00a0Int\u00e9grer les 3 types d&rsquo;entra\u00eenement pour acc\u00e9der \u00e0 la Zone Optimale de Performance (ZOP, le FLOW)<\/b><\/div><div><b><u>Objectifs :<\/u><\/b><\/div><div>\u00a0&#8211; S&rsquo;initier aux bases du flow et adopter les trois attitudes mentales qui favorisent l\u2019acc\u00e8s \u00e0 la zone optimale de performance en comp\u00e9tition.\u00a0\u00a0<b><u><br \/><\/u><\/b><\/div><div>&#8211; Ma\u00eetriser les trois types d\u2019effort ou d\u2019entra\u00eenement qui m\u00e8nent \u00e0 l\u2019\u00e9tat de flow.\u00a0<\/div><div>&#8211; Entra\u00eener les athl\u00e8tes \u00e0 entrer dans la zone optimale de performance.\u00a0<\/div><div>\u00a0&#8211; Mettre en \u0153uvre trois \u00e9tapes pour cr\u00e9er et retrouver un momentum en comp\u00e9tition\u00a0\u00a0<\/div><div><b>\u00a0<\/b><\/div><div><b>F6 :\u00a0B\u00e2tir la routine pr\u00e9 comp\u00e9tition pour atteindre un sommet de performance<\/b><\/div><div><p><b><u>Objectifs :<\/u><\/b><b><br clear=\"all\" \/><\/b><\/p><div>&#8211; Initiation \u00e0 l&rsquo;Ayurveda pour reconna\u00eetre les d\u00e9s\u00e9quilibres et comprendre le processus des blessures et maladies\u00a0<\/div><div>&#8211; Se former aux outils de pr\u00e9paration mentale pour atteindre le niveau d&rsquo;activation optimale (techniques de visualisation, respiration, ancrage&#8230;)\u00a0<\/div><div>&#8211; B\u00e2tir sa routine pr\u00e9comp\u00e9tition\u00a0<\/div><div>\u00a0<\/div><\/div><div><div>\u00a0<\/div><\/div>\t\t\t\t\t\t<\/div>\r\n\t\t\t\t<\/div>\r\n\t\t\t\t<div class=\"elementor-element elementor-element-7a2d203a elementor-widget elementor-widget-button\" data-id=\"7a2d203a\" data-element_type=\"widget\" data-widget_type=\"button.default\">\r\n\t\t\t\t<div class=\"elementor-widget-container\">\r\n\t\t\t\t\t<div class=\"elementor-button-wrapper\">\r\n\t\t\t<a href=\"\/index.php\/contact\" class=\"elementor-button-link elementor-button elementor-size-sm elementor-animation-grow\" role=\"button\">\r\n\t\t\t\t\t\t<span class=\"elementor-button-content-wrapper\">\r\n\t\t\t\t\t\t<span class=\"elementor-button-text\">Demander des informations sur le coaching pro<\/span>\r\n\t\t<\/span>\r\n\t\t\t\t\t<\/a>\r\n\t\t<\/div>\r\n\t\t\t\t<\/div>\r\n\t\t\t\t<\/div>\r\n\t\t\t\t\t<\/div>\r\n\t\t<\/div>\r\n\t\t\t\t<div class=\"elementor-column elementor-col-50 elementor-top-column elementor-element elementor-element-46bbbfd9\" data-id=\"46bbbfd9\" data-element_type=\"column\">\r\n\t\t\t<div class=\"elementor-widget-wrap elementor-element-populated\">\r\n\t\t\t\t\t\t\t\t<div class=\"elementor-element elementor-element-74b2af5a elementor-widget elementor-widget-image\" data-id=\"74b2af5a\" data-element_type=\"widget\" data-widget_type=\"image.default\">\r\n\t\t\t\t<div class=\"elementor-widget-container\">\r\n\t\t\t\t\t\t\t\t\t\t\t\t\t\t\t<img loading=\"lazy\" decoding=\"async\" width=\"600\" height=\"600\" src=\"https:\/\/www.brain-zone.fr\/wp-content\/uploads\/2022\/10\/coahcing-seminaire.png\" class=\"attachment-full size-full wp-image-478\" alt=\"formateur seminaire cannes\" srcset=\"https:\/\/www.brain-zone.fr\/wp-content\/uploads\/2022\/10\/coahcing-seminaire.png 600w, https:\/\/www.brain-zone.fr\/wp-content\/uploads\/2022\/10\/coahcing-seminaire-300x300.png 300w, https:\/\/www.brain-zone.fr\/wp-content\/uploads\/2022\/10\/coahcing-seminaire-150x150.png 150w\" sizes=\"auto, (max-width: 600px) 100vw, 600px\" \/>\t\t\t\t\t\t\t\t\t\t\t\t\t\t\t<\/div>\r\n\t\t\t\t<\/div>\r\n\t\t\t\t\t<\/div>\r\n\t\t<\/div>\r\n\t\t\t\t\t\t\t<\/div>\r\n\t\t<\/section>\r\n\t\t\t\t<section class=\"elementor-section elementor-top-section elementor-element elementor-element-0a543d8 elementor-section-stretched elementor-section-boxed elementor-section-height-default elementor-section-height-default\" data-id=\"0a543d8\" data-element_type=\"section\" data-settings=\"{&quot;stretch_section&quot;:&quot;section-stretched&quot;,&quot;background_background&quot;:&quot;classic&quot;,&quot;shape_divider_bottom&quot;:&quot;opacity-fan&quot;}\">\r\n\t\t\t\t\t<div class=\"elementor-shape elementor-shape-bottom\" data-negative=\"false\">\r\n\t\t\t<svg xmlns=\"http:\/\/www.w3.org\/2000\/svg\" viewBox=\"0 0 283.5 19.6\" preserveAspectRatio=\"none\">\r\n\t<path class=\"elementor-shape-fill\" style=\"opacity:0.33\" d=\"M0 0L0 18.8 141.8 4.1 283.5 18.8 283.5 0z\"\/>\r\n\t<path class=\"elementor-shape-fill\" style=\"opacity:0.33\" d=\"M0 0L0 12.6 141.8 4 283.5 12.6 283.5 0z\"\/>\r\n\t<path class=\"elementor-shape-fill\" style=\"opacity:0.33\" d=\"M0 0L0 6.4 141.8 4 283.5 6.4 283.5 0z\"\/>\r\n\t<path class=\"elementor-shape-fill\" d=\"M0 0L0 1.2 141.8 4 283.5 1.2 283.5 0z\"\/>\r\n<\/svg>\t\t<\/div>\r\n\t\t\t\t\t<div class=\"elementor-container elementor-column-gap-default\">\r\n\t\t\t\t\t<div class=\"elementor-column elementor-col-100 elementor-top-column elementor-element elementor-element-7ad770c\" data-id=\"7ad770c\" data-element_type=\"column\">\r\n\t\t\t<div class=\"elementor-widget-wrap\">\r\n\t\t\t\t\t\t\t\t\t<\/div>\r\n\t\t<\/div>\r\n\t\t\t\t\t\t\t<\/div>\r\n\t\t<\/section>\r\n\t\t\t\t<section class=\"elementor-section elementor-top-section elementor-element elementor-element-1f44900 elementor-section-stretched elementor-section-boxed elementor-section-height-default elementor-section-height-default\" data-id=\"1f44900\" data-element_type=\"section\" data-settings=\"{&quot;stretch_section&quot;:&quot;section-stretched&quot;,&quot;background_background&quot;:&quot;classic&quot;}\">\r\n\t\t\t\t\t\t<div class=\"elementor-container elementor-column-gap-default\">\r\n\t\t\t\t\t<div class=\"elementor-column elementor-col-100 elementor-top-column elementor-element elementor-element-3241e69\" data-id=\"3241e69\" data-element_type=\"column\">\r\n\t\t\t<div class=\"elementor-widget-wrap elementor-element-populated\">\r\n\t\t\t\t\t\t\t\t<section class=\"elementor-section elementor-inner-section elementor-element elementor-element-ebe07f8 elementor-section-boxed elementor-section-height-default elementor-section-height-default\" data-id=\"ebe07f8\" data-element_type=\"section\">\r\n\t\t\t\t\t\t<div class=\"elementor-container elementor-column-gap-default\">\r\n\t\t\t\t\t<div class=\"elementor-column elementor-col-50 elementor-inner-column elementor-element elementor-element-246007f\" data-id=\"246007f\" data-element_type=\"column\">\r\n\t\t\t<div class=\"elementor-widget-wrap elementor-element-populated\">\r\n\t\t\t\t\t\t\t\t<div class=\"elementor-element elementor-element-49b65d0 elementor-widget elementor-widget-text-editor\" data-id=\"49b65d0\" data-element_type=\"widget\" data-widget_type=\"text-editor.default\">\r\n\t\t\t\t<div class=\"elementor-widget-container\">\r\n\t\t\t\t\t\t\t<h2 class=\"has-neve-text-color-color has-text-color\">Nathalie Favreau<\/h2><p class=\"has-neve-text-color-color has-text-color has-medium-font-size\">Pr\u00e9paratrice mentale dipl\u00f4m\u00e9e et s<span style=\"color: var(--nv-text-color); font-family: var( --e-global-typography-text-font-family ), Sans-serif; font-size: var(--wp--preset--font-size--medium); font-weight: var( --e-global-typography-text-font-weight ); letter-spacing: var(--bodyletterspacing); text-transform: var(--bodytexttransform);\">p\u00e9cialis\u00e9e pour vous accompagner dans l&rsquo;optimisation de votre performance personnelle, physique et professionnelle.<\/span><\/p>\t\t\t\t\t\t<\/div>\r\n\t\t\t\t<\/div>\r\n\t\t\t\t<div class=\"elementor-element elementor-element-31cfd4b elementor-align-left elementor-widget elementor-widget-button\" data-id=\"31cfd4b\" data-element_type=\"widget\" data-widget_type=\"button.default\">\r\n\t\t\t\t<div class=\"elementor-widget-container\">\r\n\t\t\t\t\t<div class=\"elementor-button-wrapper\">\r\n\t\t\t<a href=\"\/index.php\/contact\/\" class=\"elementor-button-link elementor-button elementor-size-sm\" role=\"button\">\r\n\t\t\t\t\t\t<span class=\"elementor-button-content-wrapper\">\r\n\t\t\t\t\t\t<span class=\"elementor-button-text\">Contact<\/span>\r\n\t\t<\/span>\r\n\t\t\t\t\t<\/a>\r\n\t\t<\/div>\r\n\t\t\t\t<\/div>\r\n\t\t\t\t<\/div>\r\n\t\t\t\t\t<\/div>\r\n\t\t<\/div>\r\n\t\t\t\t<div class=\"elementor-column elementor-col-50 elementor-inner-column elementor-element elementor-element-6d83142\" data-id=\"6d83142\" data-element_type=\"column\">\r\n\t\t\t<div class=\"elementor-widget-wrap elementor-element-populated\">\r\n\t\t\t\t\t\t\t\t<div class=\"elementor-element elementor-element-1f6d7e8 elementor-widget elementor-widget-image\" data-id=\"1f6d7e8\" data-element_type=\"widget\" data-widget_type=\"image.default\">\r\n\t\t\t\t<div class=\"elementor-widget-container\">\r\n\t\t\t\t\t\t\t\t\t\t\t\t\t\t\t<img loading=\"lazy\" decoding=\"async\" width=\"400\" height=\"400\" src=\"https:\/\/www.brain-zone.fr\/wp-content\/uploads\/2022\/10\/nathalie-favreauy.png\" class=\"attachment-large size-large wp-image-70\" alt=\"nathalie favreau coach mental\" srcset=\"https:\/\/www.brain-zone.fr\/wp-content\/uploads\/2022\/10\/nathalie-favreauy.png 400w, https:\/\/www.brain-zone.fr\/wp-content\/uploads\/2022\/10\/nathalie-favreauy-300x300.png 300w, https:\/\/www.brain-zone.fr\/wp-content\/uploads\/2022\/10\/nathalie-favreauy-150x150.png 150w\" sizes=\"auto, (max-width: 400px) 100vw, 400px\" \/>\t\t\t\t\t\t\t\t\t\t\t\t\t\t\t<\/div>\r\n\t\t\t\t<\/div>\r\n\t\t\t\t\t<\/div>\r\n\t\t<\/div>\r\n\t\t\t\t\t\t\t<\/div>\r\n\t\t<\/section>\r\n\t\t\t\t\t<\/div>\r\n\t\t<\/div>\r\n\t\t\t\t\t\t\t<\/div>\r\n\t\t<\/section>\r\n\t\t\t\t\t\t\t<\/div>\r\n\t\t","protected":false},"excerpt":{"rendered":"<p>Formations, colloques J&rsquo;interviens au sein de votre club, f\u00e9d\u00e9ration, comit\u00e9, et toutes autres structures sportives, pour former vos sportifs, dirigeants, entra\u00eeneurs&#8230;aux sujets clefs de l&rsquo;optimisation de la performance (pr\u00e9paration mentale, nutrition, pr\u00e9vention des blessures, physiologie f\u00e9minine&#8230;). Ces formations sont aussi propos\u00e9es au sein de l&rsquo;organisme\u00a0 EACPA FORMATIONS. Je propose \u00e9galement des formations, et sessions d&rsquo;une&hellip;&nbsp;<a href=\"https:\/\/www.brain-zone.fr\/index.php\/seminaires-colloques-conferences\/\" rel=\"bookmark\">Lire la suite &raquo;<span class=\"screen-reader-text\">Domaines d&rsquo;interventions<\/span><\/a><\/p>\n","protected":false},"author":1,"featured_media":0,"parent":0,"menu_order":0,"comment_status":"closed","ping_status":"closed","template":"page-templates\/template-pagebuilder-full-width.php","meta":{"neve_meta_sidebar":"","neve_meta_container":"","neve_meta_enable_content_width":"","neve_meta_content_width":0,"neve_meta_title_alignment":"","neve_meta_author_avatar":"","neve_post_elements_order":"","neve_meta_disable_header":"","neve_meta_disable_footer":"","neve_meta_disable_title":"","footnotes":""},"class_list":["post-239","page","type-page","status-publish","hentry"],"_links":{"self":[{"href":"https:\/\/www.brain-zone.fr\/index.php\/wp-json\/wp\/v2\/pages\/239","targetHints":{"allow":["GET"]}}],"collection":[{"href":"https:\/\/www.brain-zone.fr\/index.php\/wp-json\/wp\/v2\/pages"}],"about":[{"href":"https:\/\/www.brain-zone.fr\/index.php\/wp-json\/wp\/v2\/types\/page"}],"author":[{"embeddable":true,"href":"https:\/\/www.brain-zone.fr\/index.php\/wp-json\/wp\/v2\/users\/1"}],"replies":[{"embeddable":true,"href":"https:\/\/www.brain-zone.fr\/index.php\/wp-json\/wp\/v2\/comments?post=239"}],"version-history":[{"count":102,"href":"https:\/\/www.brain-zone.fr\/index.php\/wp-json\/wp\/v2\/pages\/239\/revisions"}],"predecessor-version":[{"id":2418,"href":"https:\/\/www.brain-zone.fr\/index.php\/wp-json\/wp\/v2\/pages\/239\/revisions\/2418"}],"wp:attachment":[{"href":"https:\/\/www.brain-zone.fr\/index.php\/wp-json\/wp\/v2\/media?parent=239"}],"curies":[{"name":"wp","href":"https:\/\/api.w.org\/{rel}","templated":true}]}}