{"id":1391,"date":"2023-04-20T14:49:11","date_gmt":"2023-04-20T12:49:11","guid":{"rendered":"https:\/\/www.brain-zone.fr\/?page_id=1391"},"modified":"2024-03-03T19:56:51","modified_gmt":"2024-03-03T18:56:51","slug":"batir-la-confiance-se-liberer-des-croyances-limitantes-et-de-la-peur-du-regard-des-autres","status":"publish","type":"page","link":"https:\/\/www.brain-zone.fr\/index.php\/batir-la-confiance-se-liberer-des-croyances-limitantes-et-de-la-peur-du-regard-des-autres\/","title":{"rendered":"B\u00e2tir la confiance, se lib\u00e9rer des croyances limitantes et de la peur du regard des autres"},"content":{"rendered":"\t\t<div data-elementor-type=\"wp-page\" data-elementor-id=\"1391\" class=\"elementor elementor-1391\">\r\n\t\t\t\t\t\t\t\t\t<section class=\"elementor-section elementor-top-section elementor-element elementor-element-358ca5be elementor-section-boxed elementor-section-height-default elementor-section-height-default\" data-id=\"358ca5be\" data-element_type=\"section\">\r\n\t\t\t\t\t\t<div class=\"elementor-container elementor-column-gap-default\">\r\n\t\t\t\t\t<div class=\"elementor-column elementor-col-100 elementor-top-column elementor-element elementor-element-4f9503d4\" data-id=\"4f9503d4\" data-element_type=\"column\">\r\n\t\t\t<div class=\"elementor-widget-wrap elementor-element-populated\">\r\n\t\t\t\t\t\t\t\t<div class=\"elementor-element elementor-element-257104ba elementor-widget elementor-widget-text-editor\" data-id=\"257104ba\" data-element_type=\"widget\" data-widget_type=\"text-editor.default\">\r\n\t\t\t\t<div class=\"elementor-widget-container\">\r\n\t\t\t<style>\/*! elementor - v3.9.2 - 21-12-2022 *\/\n.elementor-widget-text-editor.elementor-drop-cap-view-stacked .elementor-drop-cap{background-color:#818a91;color:#fff}.elementor-widget-text-editor.elementor-drop-cap-view-framed .elementor-drop-cap{color:#818a91;border:3px solid;background-color:transparent}.elementor-widget-text-editor:not(.elementor-drop-cap-view-default) .elementor-drop-cap{margin-top:8px}.elementor-widget-text-editor:not(.elementor-drop-cap-view-default) .elementor-drop-cap-letter{width:1em;height:1em}.elementor-widget-text-editor .elementor-drop-cap{float:left;text-align:center;line-height:1;font-size:50px}.elementor-widget-text-editor .elementor-drop-cap-letter{display:inline-block}<\/style>\t\t\t\t<p><!-- wp:paragraph --><\/p>\n<p><strong><u>Objectifs :<\/u><\/strong><\/p>\n<p><!-- \/wp:paragraph --><\/p>\n<p><!-- wp:paragraph --><\/p>\n<p>&#8211; Ma\u00eetriser des techniques pour transformer le discours interne et b\u00e2tir la confiance de ses \u00e9quipes.<\/p>\n<p><!-- \/wp:paragraph --><\/p>\n<p><!-- wp:paragraph --><\/p>\n<p>&#8211; Identifier les effets de la pleine conscience sur le cerveau et la performance.\u00a0<\/p>\n<p><!-- \/wp:paragraph --><\/p>\n<p><!-- wp:paragraph --><\/p>\n<p>&#8211; Animer des activit\u00e9s de coaching en pr\u00e9paration mentale sur le th\u00e8me de la confiance en soi\u00a0\u00a0<\/p>\n<p><!-- \/wp:paragraph --><\/p>\n<p><!-- wp:paragraph --><\/p>\n<p>\u00a0&#8211; Acqu\u00e9rir des strat\u00e9gies pour identifier les croyances limitantes et mettre en place un processus pour les modifier les croyances limitantes.\u00a0<\/p>\n<p><!-- \/wp:paragraph --><\/p>\t\t\t\t\t\t<\/div>\r\n\t\t\t\t<\/div>\r\n\t\t\t\t\t<\/div>\r\n\t\t<\/div>\r\n\t\t\t\t\t\t\t<\/div>\r\n\t\t<\/section>\r\n\t\t\t\t\t\t\t<\/div>\r\n\t\t","protected":false},"excerpt":{"rendered":"<p>Objectifs : &#8211; Ma\u00eetriser des techniques pour transformer le discours interne et b\u00e2tir la confiance de ses \u00e9quipes. &#8211; Identifier les effets de la pleine conscience sur le cerveau et la performance.\u00a0 &#8211; Animer des activit\u00e9s de coaching en pr\u00e9paration mentale sur le th\u00e8me de la confiance en soi\u00a0\u00a0 \u00a0&#8211; Acqu\u00e9rir des strat\u00e9gies pour identifier&hellip;&nbsp;<a href=\"https:\/\/www.brain-zone.fr\/index.php\/batir-la-confiance-se-liberer-des-croyances-limitantes-et-de-la-peur-du-regard-des-autres\/\" rel=\"bookmark\">Lire la suite &raquo;<span class=\"screen-reader-text\">B\u00e2tir la confiance, se lib\u00e9rer des croyances limitantes et de la peur du regard des autres<\/span><\/a><\/p>\n","protected":false},"author":1,"featured_media":0,"parent":0,"menu_order":0,"comment_status":"closed","ping_status":"closed","template":"","meta":{"neve_meta_sidebar":"","neve_meta_container":"","neve_meta_enable_content_width":"","neve_meta_content_width":0,"neve_meta_title_alignment":"","neve_meta_author_avatar":"","neve_post_elements_order":"","neve_meta_disable_header":"","neve_meta_disable_footer":"","neve_meta_disable_title":"","footnotes":""},"class_list":["post-1391","page","type-page","status-publish","hentry"],"_links":{"self":[{"href":"https:\/\/www.brain-zone.fr\/index.php\/wp-json\/wp\/v2\/pages\/1391","targetHints":{"allow":["GET"]}}],"collection":[{"href":"https:\/\/www.brain-zone.fr\/index.php\/wp-json\/wp\/v2\/pages"}],"about":[{"href":"https:\/\/www.brain-zone.fr\/index.php\/wp-json\/wp\/v2\/types\/page"}],"author":[{"embeddable":true,"href":"https:\/\/www.brain-zone.fr\/index.php\/wp-json\/wp\/v2\/users\/1"}],"replies":[{"embeddable":true,"href":"https:\/\/www.brain-zone.fr\/index.php\/wp-json\/wp\/v2\/comments?post=1391"}],"version-history":[{"count":7,"href":"https:\/\/www.brain-zone.fr\/index.php\/wp-json\/wp\/v2\/pages\/1391\/revisions"}],"predecessor-version":[{"id":2266,"href":"https:\/\/www.brain-zone.fr\/index.php\/wp-json\/wp\/v2\/pages\/1391\/revisions\/2266"}],"wp:attachment":[{"href":"https:\/\/www.brain-zone.fr\/index.php\/wp-json\/wp\/v2\/media?parent=1391"}],"curies":[{"name":"wp","href":"https:\/\/api.w.org\/{rel}","templated":true}]}}