{"id":12,"date":"2022-10-18T10:08:04","date_gmt":"2022-10-18T08:08:04","guid":{"rendered":"http:\/\/brainzone.agence-mip.fr\/?page_id=12"},"modified":"2024-01-16T13:42:57","modified_gmt":"2024-01-16T12:42:57","slug":"services","status":"publish","type":"page","link":"https:\/\/www.brain-zone.fr\/index.php\/services\/","title":{"rendered":"SERVICES"},"content":{"rendered":"<style>\/*! elementor - v3.9.2 - 21-12-2022 *\/<br \/>\n.elementor-heading-title{padding:0;margin:0;line-height:1}.elementor-widget-heading .elementor-heading-title[class*=elementor-size-]>a{color:inherit;font-size:inherit;line-height:inherit}.elementor-widget-heading .elementor-heading-title.elementor-size-small{font-size:15px}.elementor-widget-heading .elementor-heading-title.elementor-size-medium{font-size:19px}.elementor-widget-heading .elementor-heading-title.elementor-size-large{font-size:29px}.elementor-widget-heading .elementor-heading-title.elementor-size-xl{font-size:39px}.elementor-widget-heading .elementor-heading-title.elementor-size-xxl{font-size:59px}<\/style>\n<h4>Mes services<\/h4>\n<style>\/*! elementor - v3.9.2 - 21-12-2022 *\/<br \/>\n.elementor-widget-image-box .elementor-image-box-content{width:100%}@media (min-width:768px){.elementor-widget-image-box.elementor-position-left .elementor-image-box-wrapper,.elementor-widget-image-box.elementor-position-right .elementor-image-box-wrapper{display:flex}.elementor-widget-image-box.elementor-position-right .elementor-image-box-wrapper{text-align:right;flex-direction:row-reverse}.elementor-widget-image-box.elementor-position-left .elementor-image-box-wrapper{text-align:left;flex-direction:row}.elementor-widget-image-box.elementor-position-top .elementor-image-box-img{margin:auto}.elementor-widget-image-box.elementor-vertical-align-top .elementor-image-box-wrapper{align-items:flex-start}.elementor-widget-image-box.elementor-vertical-align-middle .elementor-image-box-wrapper{align-items:center}.elementor-widget-image-box.elementor-vertical-align-bottom .elementor-image-box-wrapper{align-items:flex-end}}@media (max-width:767px){.elementor-widget-image-box .elementor-image-box-img{margin-left:auto!important;margin-right:auto!important;margin-bottom:15px}}.elementor-widget-image-box .elementor-image-box-img{display:inline-block}.elementor-widget-image-box .elementor-image-box-title a{color:inherit}.elementor-widget-image-box .elementor-image-box-wrapper{text-align:center}.elementor-widget-image-box .elementor-image-box-description{margin:0}<\/style>\n<figure><img loading=\"lazy\" decoding=\"async\" src=\"https:\/\/www.brain-zone.fr\/wp-content\/uploads\/2022\/10\/CYCLISTE-COACH-NICE.png\" alt=\"\" width=\"600\" height=\"600\" \/><\/figure>\n<h3>Pr\u00e9paration mentale<\/h3>\n<p>Le mental c&rsquo;est 80% de votre r\u00e9ussite : avant, pendant ou apr\u00e8s l\u2019effort. Ne n\u00e9gligez pas tous les b\u00e9n\u00e9fices d&rsquo;un travail r\u00e9alis\u00e9 sur vos habilet\u00e9s mentales&#8230;<\/p>\n<p><a role=\"button\" href=\"\/index.php\/contact\/\"><br \/>\nContact &amp; RDV<br \/>\n<\/a><\/p>\n<figure><img loading=\"lazy\" decoding=\"async\" src=\"https:\/\/www.brain-zone.fr\/wp-content\/uploads\/2022\/10\/cpaching-entreprise-nice.png\" alt=\"\" width=\"600\" height=\"600\" \/><\/figure>\n<h3>Coaching en efficacit\u00e9 professionnelle<\/h3>\n<p>Rester focalis\u00e9 sur vos missions, vos motivations et \u00eatre la meilleure version de vous-m\u00eame : productivit\u00e9, challenge personnel, motivation, confiance en soi, gestion du stress et de la charge mental\u2026.<\/p>\n<p><a role=\"button\" href=\"\/index.php\/contact\/\"><br \/>\nContact &amp; RDV<br \/>\n<\/a><\/p>\n<figure><img loading=\"lazy\" decoding=\"async\" src=\"https:\/\/www.brain-zone.fr\/wp-content\/uploads\/2022\/10\/Coaching-personnel-epanouissement-nice.png\" alt=\"\" width=\"600\" height=\"600\" \/><\/figure>\n<h3>Coaching en d\u00e9veloppement personnel<\/h3>\n<p>Stress, surmenage, anxi\u00e9t\u00e9, manque de confiance en soi&#8230; ? Avec un travail ax\u00e9 sur l&rsquo;intelligence \u00e9motionnelle et la connaissance de soi, nous harmoniserons ensemble vos ressources afin d\u2019atteindre vos propres objectifs de bien-\u00eatre.<\/p>\n<p><a role=\"button\" href=\"\/index.php\/contact\/\"><br \/>\nContact &amp; RDV<br \/>\n<\/a><\/p>\n<figure><img loading=\"lazy\" decoding=\"async\" src=\"https:\/\/www.brain-zone.fr\/wp-content\/uploads\/2022\/10\/coahcing-seminaire.png\" alt=\"formateur seminaire cannes\" width=\"600\" height=\"600\" \/><\/figure>\n<h3>Colloques &amp; S\u00e9minaires<\/h3>\n<p>Motiver vos \u00e9quipes, redonner confiance et donner du sens \u00e0 des objectifs de carri\u00e8re &#8230; Formations et interventions sur mesure pour vos salari\u00e9s, clients&#8230;<\/p>\n<p><a role=\"button\" href=\"\/index.php\/contact\/\"><br \/>\nContact &amp; RDV<br \/>\n<\/a><\/p>\n<h2>Un accompagnement complet<\/h2>\n<p>Nathalie Favreau, vous aide et vous accompagne en tant que coach pour la performance personnelle, professionnelle et physique (via le massage sportif)<\/p>\n<p><a role=\"button\" href=\"\/index.php\/contact\/\"><br \/>\nContact<br \/>\n<\/a><\/p>\n<style>\/*! elementor - v3.9.2 - 21-12-2022 *\/<br \/>\n.elementor-widget-image{text-align:center}.elementor-widget-image a{display:inline-block}.elementor-widget-image a img[src$=\".svg\"]{width:48px}.elementor-widget-image img{vertical-align:middle;display:inline-block}<\/style>\n<p><img loading=\"lazy\" decoding=\"async\" src=\"https:\/\/www.brain-zone.fr\/wp-content\/uploads\/2022\/10\/coach-mental-atibes.jpg\" sizes=\"auto, (max-width: 600px) 100vw, 600px\" srcset=\"https:\/\/www.brain-zone.fr\/wp-content\/uploads\/2022\/10\/coach-mental-atibes.jpg 600w, https:\/\/www.brain-zone.fr\/wp-content\/uploads\/2022\/10\/coach-mental-atibes-257x300.jpg 257w\" alt=\"coach mental antibes\" width=\"600\" height=\"700\" \/><\/p>\n<p>Brain-Zone by Nathalie FAVREAU, est une soci\u00e9t\u00e9 de coaching en d\u00e9veloppement personnel personnel, efficacit\u00e9 professionnelle et massage sportif.<\/p>\n<p>Bas\u00e9e en IDF (95), Nathalie Favreau peut se rendre sur place dans vos locaux et \u00e0 votre domicile.<\/p>\n<p>Possibilit\u00e9 d&rsquo;interventions sur toute la France.<\/p>\n<p>\u00a9 Nathalie Favreau 2023<\/p>\n<p>Un site cr\u00e9\u00e9 par <a href=\"https:\/\/www.agence-mip.fr\/\">www.agence-Mip.fr<\/a><\/p>\n<style>\/*! elementor - v3.9.2 - 21-12-2022 *\/<br \/>\n.elementor-widget-google_maps .elementor-widget-container{overflow:hidden}.elementor-widget-google_maps iframe{height:300px}<\/style>\n<p><iframe title=\"nathalie Favreau cannes\" src=\"https:\/\/maps.google.com\/maps?q=nathalie%20Favreau%20cannes&amp;t=m&amp;z=8&amp;output=embed&amp;iwloc=near\" frameborder=\"0\" marginwidth=\"0\" marginheight=\"0\" scrolling=\"no\" aria-label=\"nathalie Favreau cannes\"><\/iframe><\/p>\n","protected":false},"excerpt":{"rendered":"<p>Mes services Pr\u00e9paration mentale Le mental c&rsquo;est 80% de votre r\u00e9ussite : avant, pendant ou apr\u00e8s l\u2019effort. Ne n\u00e9gligez pas tous les b\u00e9n\u00e9fices d&rsquo;un travail r\u00e9alis\u00e9 sur vos habilet\u00e9s mentales&#8230; Contact &amp; RDV Coaching en efficacit\u00e9 professionnelle Rester focalis\u00e9 sur vos missions, vos motivations et \u00eatre la meilleure version de vous-m\u00eame : productivit\u00e9, challenge personnel,&hellip;&nbsp;<a href=\"https:\/\/www.brain-zone.fr\/index.php\/services\/\" rel=\"bookmark\">Lire la suite &raquo;<span class=\"screen-reader-text\">SERVICES<\/span><\/a><\/p>\n","protected":false},"author":1,"featured_media":0,"parent":0,"menu_order":0,"comment_status":"closed","ping_status":"closed","template":"","meta":{"neve_meta_sidebar":"","neve_meta_container":"","neve_meta_enable_content_width":"on","neve_meta_content_width":100,"neve_meta_title_alignment":"","neve_meta_author_avatar":"","neve_post_elements_order":"","neve_meta_disable_header":"","neve_meta_disable_footer":"","neve_meta_disable_title":"on","footnotes":""},"class_list":["post-12","page","type-page","status-publish","hentry"],"_links":{"self":[{"href":"https:\/\/www.brain-zone.fr\/index.php\/wp-json\/wp\/v2\/pages\/12","targetHints":{"allow":["GET"]}}],"collection":[{"href":"https:\/\/www.brain-zone.fr\/index.php\/wp-json\/wp\/v2\/pages"}],"about":[{"href":"https:\/\/www.brain-zone.fr\/index.php\/wp-json\/wp\/v2\/types\/page"}],"author":[{"embeddable":true,"href":"https:\/\/www.brain-zone.fr\/index.php\/wp-json\/wp\/v2\/users\/1"}],"replies":[{"embeddable":true,"href":"https:\/\/www.brain-zone.fr\/index.php\/wp-json\/wp\/v2\/comments?post=12"}],"version-history":[{"count":33,"href":"https:\/\/www.brain-zone.fr\/index.php\/wp-json\/wp\/v2\/pages\/12\/revisions"}],"predecessor-version":[{"id":2121,"href":"https:\/\/www.brain-zone.fr\/index.php\/wp-json\/wp\/v2\/pages\/12\/revisions\/2121"}],"wp:attachment":[{"href":"https:\/\/www.brain-zone.fr\/index.php\/wp-json\/wp\/v2\/media?parent=12"}],"curies":[{"name":"wp","href":"https:\/\/api.w.org\/{rel}","templated":true}]}}